{"id":111,"date":"2016-03-25T14:13:16","date_gmt":"2016-03-25T14:13:16","guid":{"rendered":"http:\/\/stockholm12.select-themes.com\/?page_id=111"},"modified":"2026-02-11T18:26:46","modified_gmt":"2026-02-11T17:26:46","slug":"lacarta","status":"publish","type":"page","link":"https:\/\/www.la-novita.ch\/lanovita\/lacarta\/","title":{"rendered":"La Carta"},"content":{"rendered":"<div class=\"wpb-content-wrapper\"><p>[vc_row row_type=&#8220;row&#8220; use_row_as_full_screen_section=&#8220;no&#8220; type=&#8220;grid&#8220; anchor=&#8220;Menu&#8220; text_align=&#8220;center&#8220; background_animation=&#8220;none&#8220; padding_bottom=&#8220;0&#8243; css_animation=&#8220;&#8220; el_id=&#8220;menu&#8220;][vc_column][vc_empty_space height=&#8220;50&#8243;][\/vc_column][\/vc_row][vc_row row_type=&#8220;row&#8220; use_row_as_full_screen_section=&#8220;no&#8220; type=&#8220;grid&#8220; anchor=&#8220;Menu&#8220; text_align=&#8220;center&#8220; background_animation=&#8220;none&#8220; padding_bottom=&#8220;0&#8243; css_animation=&#8220;&#8220;][vc_column][vc_column_text]<\/p>\n<h2>Vorspeisen<\/h2>\n<p>[\/vc_column_text][vc_empty_space height=&#8220;50&#8243;][vc_row_inner row_type=&#8220;row&#8220; type=&#8220;full_width&#8220; use_row_as_full_screen_section_slide=&#8220;no&#8220; text_align=&#8220;left&#8220; css_animation=&#8220;&#8220;][vc_column_inner offset=&#8220;vc_col-md-6&#8243;][qode_pricing_list][qode_pricing_list_item title_tag=&#8220;h6&#8243; title=&#8220;Insalata Verde \/ Insalata Mista&#8220; text=&#8220;gr\u00fcner Salat \/ gemischter Salat&#8220; price=&#8220;CHF 9.50 \/ 12.50&#8243; margin_bottom_item=&#8220;55&#8243;][qode_pricing_list_item title_tag=&#8220;h6&#8243; title=&#8220;Bruschette all&#8217;italiana&#8220; text=&#8220;Ger\u00f6stetes Brot, Tomaten, Zwiebeln &amp; Oliven \u00d6l&#8220; price=&#8220;CHF 12.00&#8243; margin_bottom_item=&#8220;55&#8243;][qode_pricing_list_item title_tag=&#8220;h6&#8243; title=&#8220;Antipasto misto all&#8217;italiana (per due)&#8220; text=&#8220;Gemischte italienische Vorspeiseplatte&#8220; price=&#8220;CHF 31.50&#8243; margin_bottom_item=&#8220;55&#8243;][qode_pricing_list_item title_tag=&#8220;h6&#8243; title=&#8220;Tagliere di Salumi &amp; Formaggio piccolo&#8220; text=&#8220;Aufschnitt &amp; K\u00e4se Pl\u00e4ttli klein&#8220; price=&#8220;CHF 12.00&#8243; margin_bottom_item=&#8220;55&#8243;][qode_pricing_list_item price=&#8220;\/ Saisonale Karte&#8220; margin_bottom_item=&#8220;55&#8243;][\/qode_pricing_list][\/vc_column_inner][vc_column_inner offset=&#8220;vc_col-md-6&#8243;][qode_pricing_list][qode_pricing_list_item title_tag=&#8220;h6&#8243; title=&#8220;Insalata Caprese&#8220; text=&#8220;B\u00fcffel-Mozzarella, Tomaten, frischer Basilikum&#8220; price=&#8220;CHF 19.50&#8243; margin_bottom_item=&#8220;55&#8243;][qode_pricing_list_item title_tag=&#8220;h6&#8243; title=&#8220;Carpaccio di Plpo&#8220; text=&#8220;Tintenfisch-Carpaccio mit Rucola &amp; Kirschtomaten&#8220; price=&#8220;CHF 27.50&#8243; margin_bottom_item=&#8220;55&#8243;][qode_pricing_list_item title_tag=&#8220;h6&#8243; title=&#8220;Carpaccio Manzo&#8220; text=&#8220;Rindscarpaccio mit Rucola &amp; Parmesansplitter&#8220; price=&#8220;CHF 28.50&#8243; margin_bottom_item=&#8220;55&#8243;][qode_pricing_list_item price=&#8220; \/ Saisonale Karte&#8220; margin_bottom_item=&#8220;55&#8243;][\/qode_pricing_list][\/vc_column_inner][\/vc_row_inner][\/vc_column][\/vc_row][vc_row row_type=&#8220;parallax&#8220; text_align=&#8220;center&#8220; background_image=&#8220;119&#8243; full_screen_section_height=&#8220;no&#8220; section_height=&#8220;635&#8243;][vc_column offset=&#8220;vc_col-lg-offset-2 vc_col-lg-8 vc_col-md-offset-2 vc_col-md-8 vc_col-sm-offset-0&#8243;]<div class=\"custom_font_holder\" style=\"font-family: Dancing Script; font-size: 120px; line-height: 100px; font-style: normal; font-weight: 200; color: #ffffff; text-decoration: none; text-shadow: 1px 1px 2px rgba(0, 0, 0, 0.4); letter-spacing: 0px; padding: 25px 0 25px 0; text-align: center;\"><span>Passione &amp; Amore<\/span><\/div>[vc_empty_space height=&#8220;22px&#8220;]<div class=\"custom_font_holder\" style=\"font-family: Josefin Sans; font-size: 23px; line-height: 33px; font-style: normal; font-weight: 600; color: #ffffff; text-decoration: none; text-shadow: 1px 1px 2px rgba(0, 0, 0, 0.4); letter-spacing: 1px; text-align: center;\"><span>PER LA CUCINA ITALIANA<\/span><\/div>[vc_empty_space height=&#8220;230px&#8220;][\/vc_column][\/vc_row][vc_row row_type=&#8220;row&#8220; use_row_as_full_screen_section=&#8220;no&#8220; type=&#8220;grid&#8220; text_align=&#8220;center&#8220; background_animation=&#8220;none&#8220; padding_top=&#8220;125&#8243; css_animation=&#8220;&#8220;][vc_column][vc_column_text]<\/p>\n<h2>Paste &amp; Risotti<\/h2>\n<p>[\/vc_column_text][vc_empty_space height=&#8220;50px&#8220;][vc_row_inner row_type=&#8220;row&#8220; type=&#8220;full_width&#8220; use_row_as_full_screen_section_slide=&#8220;no&#8220; text_align=&#8220;left&#8220; css_animation=&#8220;&#8220;][vc_column_inner offset=&#8220;vc_col-md-6&#8243;][qode_pricing_list][qode_pricing_list_item title_tag=&#8220;h6&#8243; title=&#8220;Mezze Maniche Carbonara (Originale)&#8220; text=&#8220;Spaghetti Ei-Creme Sauce &amp; Guanciale-Speck&#8220; price=&#8220;CHF 26.50&#8243; margin_bottom_item=&#8220;55&#8243;][qode_pricing_list_item title_tag=&#8220;h6&#8243; title=&#8220;Penne all\u2018 Arrabbiata&#8220; text=&#8220;Penne an Tomatensauce mit Knoblauch, frischer Petersilie &amp; Peperoncini&#8220; price=&#8220;CHF 22.50&#8243; margin_bottom_item=&#8220;55&#8243;][qode_pricing_list_item price=&#8220;\/ Saisonale Karte&#8220; margin_bottom_item=&#8220;55&#8243;][qode_pricing_list_item title_tag=&#8220;h6&#8243; margin_bottom_item=&#8220;55&#8243; title=&#8220;Tagliatelle (hausgemacht) alla Norcina&#8220; text=&#8220;Rummo Nudeln mit Steinpilzen &amp; italienischer Wurst&#8220; price=&#8220;CHF 31.00&#8243;][qode_pricing_list_item title_tag=&#8220;h6&#8243; title=&#8220;Rigatoni al Pollo&#8220; text=&#8220;Rigatoni mit Poulet streifen an Safransauce&#8220; price=&#8220;CHF 29.50&#8243; margin_bottom_item=&#8220;55&#8243;][qode_pricing_list_item title_tag=&#8220;h6&#8243; title=&#8220;Paccheri alla Corsara con Gamberi &amp; Aglio Nero&#8220; text=&#8220;Tomatenrahmsauce mit Crevetten, verfeinert mit Wodka &amp; Schwarzem-Knoblauch&#8220; price=&#8220;CHF 31.50&#8243; margin_bottom_item=&#8220;55&#8243;][qode_pricing_list_item title_tag=&#8220;h6&#8243; title=&#8220;Risotto alla Milanese&#8220; text=&#8220;Safran Risotto&#8220; price=&#8220;CHF 26.50&#8243; margin_bottom_item=&#8220;55&#8243;][qode_pricing_list_item title_tag=&#8220;h6&#8243; title=&#8220;Risotto di Mare&#8220; text=&#8220;Risotto mit Meeresfr\u00fcchten&#8220; price=&#8220;CHF 29.50&#8243; margin_bottom_item=&#8220;55&#8243;][qode_pricing_list_item price=&#8220; \/ Saisonale Karte&#8220; margin_bottom_item=&#8220;55&#8243;][\/qode_pricing_list][\/vc_column_inner][vc_column_inner offset=&#8220;vc_col-md-6&#8243;][qode_pricing_list][qode_pricing_list_item title_tag=&#8220;h6&#8243; title=&#8220;Spaghetti Aglio, Olio &amp; Peperoncino&#8220; text=&#8220;Spaghetti mit Knoblauch, Oliven\u00f6l &amp; Peperoncino&#8220; price=&#8220;CHF 21.50&#8243; margin_bottom_item=&#8220;55&#8243;][qode_pricing_list_item title_tag=&#8220;h6&#8243; title=&#8220;Spaghetti Bolognese&#8220; text=&#8220;Spaghetti an Tomatensauce mit Hackfleisch&#8220; price=&#8220;CHF 25.50&#8243; margin_bottom_item=&#8220;55&#8243;][qode_pricing_list_item title_tag=&#8220;h6&#8243; title=&#8220;Linguine alla Wodka&#8220; text=&#8220;Linguine an Tomatenrahmsauce, frischer Basilikum verfeinert mit Wodka&#8220; price=&#8220;CHF 27.50&#8243; margin_bottom_item=&#8220;55&#8243;][qode_pricing_list_item title_tag=&#8220;h6&#8243; title=&#8220;Ravioli Ricotta &amp; Spinaci&#8220; text=&#8220;Ravioli mit Riccotta, Spinat F\u00fcllung an Mascarpone, Pistazien &amp; Specksauce&#8220; price=&#8220;CHF 29.50&#8243; margin_bottom_item=&#8220;55&#8243;][qode_pricing_list_item title_tag=&#8220;h6&#8243; title=&#8220;Ravioli Ricotta &amp; Spinaci&#8220; text=&#8220;Ravioli mit Riccotta, Spinat F\u00fcllung an Safran-Rahmsauce mit Steinpilze&#8220; price=&#8220;CHF 32.00&#8243; margin_bottom_item=&#8220;55&#8243;][qode_pricing_list_item title_tag=&#8220;h6&#8243; margin_bottom_item=&#8220;55&#8243; title=&#8220;Tagliatelle (hausgemacht) Salmone &amp; Porcini&#8220; text=&#8220;Tagliatelle mit Lachs &amp; Steinpilze&#8220; price=&#8220;CHF 31.00&#8243;][qode_pricing_list_item title_tag=&#8220;h6&#8243; margin_bottom_item=&#8220;55&#8243; title=&#8220;Pappardelle (hausgemacht) Polpo e Menta&#8220; text=&#8220;Nudeln mit Polpo &amp; frischer Pfefferminze&#8220; price=&#8220;CHF 31.00&#8243;][qode_pricing_list_item title_tag=&#8220;h6&#8243; margin_bottom_item=&#8220;55&#8243; title=&#8220;Gnocchi di Patate gratinati ai 4 Formaggi&#8220; text=&#8220;Kartoffel Gnocchi an 4 K\u00e4sesauce gratiniert&#8220; price=&#8220;CHF 26.50&#8243;][\/qode_pricing_list][\/vc_column_inner][\/vc_row_inner][vc_column_text]<\/p>\n<h5 style=\"text-align: center;\">Ravioli, Pappardelle &amp; Tagliatelle werden f\u00fcr Sie Hausgemacht!<\/h5>\n<p>Eine kleine Auswahl an Pasta ohne Gluten haben wir auch, fragen Sie uns![\/vc_column_text][vc_empty_space height=&#8220;100px&#8220;][\/vc_column][\/vc_row][vc_row row_type=&#8220;row&#8220; use_row_as_full_screen_section=&#8220;no&#8220; type=&#8220;grid&#8220; text_align=&#8220;center&#8220; background_animation=&#8220;none&#8220; css_animation=&#8220;&#8220;][vc_column][vc_column_text]<\/p>\n<h2>Carne &amp; Pesce<\/h2>\n<p>[\/vc_column_text][vc_empty_space height=&#8220;50px&#8220;][vc_row_inner row_type=&#8220;row&#8220; type=&#8220;full_width&#8220; use_row_as_full_screen_section_slide=&#8220;no&#8220; text_align=&#8220;left&#8220; css_animation=&#8220;&#8220;][vc_column_inner offset=&#8220;vc_col-md-6&#8243;][qode_pricing_list][qode_pricing_list_item title_tag=&#8220;h6&#8243; title=&#8220;Carr\u00e8 di Agnello con panatura di erbette&#8220; text=&#8220;Lammrack in Kr\u00e4uter paniert mit Rotweinsauce, Kroketten &amp; Gem\u00fcse&#8220; price=&#8220;CHF 45.50&#8243; margin_bottom_item=&#8220;55&#8243;][qode_pricing_list_item title_tag=&#8220;h6&#8243; title=&#8220;Hamburger all&#8217;Italiana con Patatine Fritte&#8220; text=&#8220;Pizza Brot, gef\u00fcllt mit 200g Rindsbeef, Salat, Tomate, B\u00fcffel Mozzarella &amp; Pommes Frittes&#8220; price=&#8220;CHF 28.50&#8243; margin_bottom_item=&#8220;55&#8243;][qode_pricing_list_item title_tag=&#8220;h6&#8243; title=&#8220;Tartar di Manzo Classica 140g&#8220; text=&#8220;Rinds Tartar Klassisch, mild, medium oder pikant gew\u00fcrzt, mit Toastbrot, Butter &amp; Gemischtem Salat&#8220; price=&#8220;CHF 34.00&#8243;][\/qode_pricing_list][qode_pricing_list][qode_pricing_list_item price=&#8220; \/ Saisonale Karte&#8220; margin_bottom_item=&#8220;55&#8243;][\/qode_pricing_list][\/vc_column_inner][vc_column_inner offset=&#8220;vc_col-md-6&#8243;][qode_pricing_list][qode_pricing_list_item title_tag=&#8220;h6&#8243; title=&#8220;Piccata Milanese&#8220; text=&#8220;Schnitzel im Ei &amp; Parmesan gebraten, als Beilage Tomaten Spaghetti (Schweine-\/Kalbfleisch)&#8220; price=&#8220;CHF 38.00 \/ 43.50&#8243; margin_bottom_item=&#8220;55&#8243;][qode_pricing_list_item title_tag=&#8220;h6&#8243; title=&#8220;Scaloppina di Vitello al limone con patate al rosmarino &amp; verdure&#8220; text=&#8220;Kalbsschnitzel an Zitronen-Sauce mit Rosmarin Kartoffeln &amp; Saisonalem Gem\u00fcse&#8220; price=&#8220;CHF 42.50&#8243; margin_bottom_item=&#8220;55&#8243;][\/qode_pricing_list][qode_pricing_list][qode_pricing_list_item title_tag=&#8220;h6&#8243; title=&#8220;Frittura mista di Pesce&#8220; text=&#8220;Gemischte Meeres Fische frittiert, mit Pommes Frites&#8220; price=&#8220;CHF 39.00&#8243; margin_bottom_item=&#8220;55&#8243;][qode_pricing_list_item title_tag=&#8220;h6&#8243; margin_bottom_item=&#8220;55&#8243; title=&#8220;Filetti di Branzino, Patate &amp; Verdure&#8220; text=&#8220;Wolfsbarschfilet, Kartoffeln &amp; Gem\u00fcse&#8220; price=&#8220;CHF 38.50&#8243;][qode_pricing_list_item title_tag=&#8220;h6&#8243; margin_bottom_item=&#8220;55&#8243; title=&#8220;Filetto Salmone al Limone con Verdure&#8220; text=&#8220;Lachsfilet mit Gem\u00fcse&#8220; price=&#8220;CHF 38.00&#8243;][\/qode_pricing_list][\/vc_column_inner][\/vc_row_inner][vc_column_text][\/vc_column_text][vc_empty_space height=&#8220;100px&#8220;][\/vc_column][\/vc_row][vc_row row_type=&#8220;parallax&#8220; text_align=&#8220;center&#8220; background_image=&#8220;476&#8243; full_screen_section_height=&#8220;no&#8220; section_height=&#8220;635&#8243;][vc_column offset=&#8220;vc_col-lg-offset-2 vc_col-lg-8 vc_col-md-offset-2 vc_col-md-8 vc_col-sm-offset-0&#8243;][vc_empty_space height=&#8220;240px&#8220;]<div class=\"custom_font_holder\" style=\"font-family: Dancing Script; font-size: 120px; line-height: 100px; font-style: normal; font-weight: 200; color: #ffffff; text-decoration: none; text-shadow: 1px 1px 2px rgba(0, 0, 0, 0.4); letter-spacing: 0px; padding: 25px 0 25px 0; text-align: center;\"><span>Cultura &amp; Tradizione<\/span><\/div>[vc_empty_space height=&#8220;22px&#8220;]<div class=\"custom_font_holder\" style=\"font-family: Josefin Sans; font-size: 23px; line-height: 33px; font-style: normal; font-weight: 600; color: #ffffff; text-decoration: none; text-shadow: 1px 1px 2px rgba(0, 0, 0, 0.4); letter-spacing: 1px; text-align: center;\"><span>ITALIA A TAVOLA<\/span><\/div>[vc_empty_space height=&#8220;230px&#8220;][\/vc_column][\/vc_row][vc_row row_type=&#8220;row&#8220; use_row_as_full_screen_section=&#8220;no&#8220; type=&#8220;grid&#8220; text_align=&#8220;center&#8220; background_animation=&#8220;none&#8220; padding_top=&#8220;127&#8243; padding_bottom=&#8220;92&#8243; css_animation=&#8220;&#8220;][vc_column][vc_column_text]<\/p>\n<h2>Le nostre Pizze<\/h2>\n<p>[\/vc_column_text][vc_empty_space height=&#8220;50px&#8220;][vc_row_inner row_type=&#8220;row&#8220; type=&#8220;full_width&#8220; use_row_as_full_screen_section_slide=&#8220;no&#8220; text_align=&#8220;left&#8220; css_animation=&#8220;&#8220;][vc_column_inner offset=&#8220;vc_col-md-6&#8243;][qode_pricing_list][qode_pricing_list_item price=&#8220;\/ Saisonale Karte&#8220; margin_bottom_item=&#8220;55&#8243;][qode_pricing_list_item title_tag=&#8220;h6&#8243; title=&#8220;Pizza Margherita&#8220; text=&#8220;Tomaten, Mozzarella &amp; Origano&#8220; price=&#8220;CHF 17.50&#8243; margin_bottom_item=&#8220;55&#8243;][qode_pricing_list_item title_tag=&#8220;h6&#8243; title=&#8220;Pizza 4 Stagioni&#8220; text=&#8220;Tomaten, Mozzarella, Schinken, Pilze, Peperoni &amp; Oliven&#8220; price=&#8220;CHF 24.50&#8243; margin_bottom_item=&#8220;55&#8243;][qode_pricing_list_item title_tag=&#8220;h6&#8243; title=&#8220;Pizza Prosciutto &amp; Funghi&#8220; text=&#8220;Tomaten, Mozzarella, Schinken &amp; Pilze&#8220; price=&#8220;CHF 22.50&#8243; margin_bottom_item=&#8220;55&#8243;][qode_pricing_list_item title_tag=&#8220;h6&#8243; title=&#8220;Pizza Ortolana&#8220; text=&#8220;Tomaten, Mozzarella, saisonal verf\u00fcgbares Gem\u00fcse &amp; Pilze&#8220; price=&#8220;CHF 22.50&#8243; margin_bottom_item=&#8220;55&#8243;][qode_pricing_list_item title_tag=&#8220;h6&#8243; title=&#8220;Pizza Tonno &amp; Cipolla&#8220; text=&#8220;Tomaten, Mozzarella, Thon. Oliven &amp; Zwiebeln&#8220; price=&#8220;CHF 21.50&#8243; margin_bottom_item=&#8220;55&#8243;][qode_pricing_list_item title_tag=&#8220;h6&#8243; title=&#8220;Pizza Capricciosa&#8220; text=&#8220;Tomaten, Mozzarella, Schinken, Pilze, Peperoni, Artischocken &amp; Oliven&#8220; price=&#8220;CHF 25.00&#8243; margin_bottom_item=&#8220;55&#8243;][qode_pricing_list_item title_tag=&#8220;h6&#8243; title=&#8220;Pizza Napoli&#8220; text=&#8220;Tomaten, Mozzarella, Sardellen, Kapern &amp; Oliven&#8220; price=&#8220;CHF 22.50&#8243; margin_bottom_item=&#8220;55&#8243;][qode_pricing_list_item title_tag=&#8220;h6&#8243; title=&#8220;Pizza Hawaii&#8220; text=&#8220;Tomaten, Mozzarella, Schinken &amp; Ananas&#8220; price=&#8220;CHF 22.50&#8243; margin_bottom_item=&#8220;55&#8243;][qode_pricing_list_item title_tag=&#8220;h6&#8243; title=&#8220;Pizza Diavola&#8220; text=&#8220;Tomaten, Mozzarella, &amp; scharfe Salami&#8220; price=&#8220;CHF 22.00&#8243; margin_bottom_item=&#8220;55&#8243;][qode_pricing_list_item title_tag=&#8220;h6&#8243; title=&#8220;Pizza Nostrano&#8220; text=&#8220;Tomaten, Mozzarella, Salami mild &amp; Gorgonzola&#8220; price=&#8220;CHF 23.00&#8243; margin_bottom_item=&#8220;55&#8243;][qode_pricing_list_item title_tag=&#8220;h6&#8243; title=&#8220;Pizza Calzone&#8220; text=&#8220;Tomaten, Mozzarella, Schinken, Pilze &amp; Ei&#8220; price=&#8220;CHF 23.50&#8243; margin_bottom_item=&#8220;55&#8243;][qode_pricing_list_item title_tag=&#8220;h6&#8243; title=&#8220;Pizza 4 Formaggi&#8220; text=&#8220;Tomaten, Mozzarella, Parmesan, Gorgonzola &amp; Taleggio&#8220; price=&#8220;CHF 23.50&#8243; margin_bottom_item=&#8220;55&#8243;][qode_pricing_list_item title_tag=&#8220;h6&#8243; title=&#8220;Pizza Milano&#8220; text=&#8220;Tomaten, Mozzarella &amp; milde Salami&#8220; price=&#8220;CHF 22.00&#8243; margin_bottom_item=&#8220;55&#8243;][qode_pricing_list_item title_tag=&#8220;h6&#8243; title=&#8220;Pizza San Daniele&#8220; text=&#8220;Tomaten, Mozzarella &amp; San Daniele Rohschinken&#8220; price=&#8220;CHF 25.00&#8243; margin_bottom_item=&#8220;55&#8243;][qode_pricing_list_item title_tag=&#8220;h6&#8243; title=&#8220;Pizza Gallipolina&#8220; text=&#8220;Tomaten, Mozzarella &amp; Meeresfr\u00fcchten&#8220; price=&#8220;CHF 26.50&#8243; margin_bottom_item=&#8220;55&#8243;][qode_pricing_list_item title_tag=&#8220;h6&#8243; title=&#8220;Pizza Funghi&#8220; text=&#8220;Tomaten, Mozzarella &amp; Champignon-Pilze&#8220; price=&#8220;CHF 20.50&#8243; margin_bottom_item=&#8220;55&#8243;][\/qode_pricing_list][vc_empty_space height=&#8220;30px&#8220;][\/vc_column_inner][vc_column_inner offset=&#8220;vc_col-md-6&#8243;][qode_pricing_list][qode_pricing_list_item title_tag=&#8220;h6&#8243; title=&#8220;Pizza Gorgonzola&#8220; text=&#8220;Tomaten, Mozzarella &amp; Gorgonzola&#8220; price=&#8220;CHF 21.50&#8243; margin_bottom_item=&#8220;55&#8243;][qode_pricing_list_item title_tag=&#8220;h6&#8243; title=&#8220;Pizza Miss Italia&#8220; text=&#8220;Tomaten, B\u00fcffel-Mozzarella, Rucola, Parma, Cherry Tomaten, Tr\u00fcffel-\u00d6l &amp; Parmesansplitter&#8220; price=&#8220;CHF 26.50&#8243; margin_bottom_item=&#8220;55&#8243;][qode_pricing_list_item title_tag=&#8220;h6&#8243; title=&#8220;Pizza Cosimino&#8220; text=&#8220;Tomaten, Mozzarella, scharfe Salami &amp; geriebener Parmesan&#8220; price=&#8220;CHF 24.00&#8243; margin_bottom_item=&#8220;55&#8243;][qode_pricing_list_item title_tag=&#8220;h6&#8243; title=&#8220;Pizza Salmone&#8220; text=&#8220;Tomaten, Mozzarella, R\u00e4ucherlachs, Zwiebeln &amp; Kapern&#8220; price=&#8220;CHF 25.50&#8243; margin_bottom_item=&#8220;55&#8243;][qode_pricing_list_item title_tag=&#8220;h6&#8243; title=&#8220;Pizza Saporita&#8220; text=&#8220;Tomaten, Mozzarella, Zwiebeln, Speck, scharfe Salami &amp; Gorgonzola&#8220; price=&#8220;CHF 25.50&#8243; margin_bottom_item=&#8220;55&#8243;][qode_pricing_list_item title_tag=&#8220;h6&#8243; title=&#8220;Pizza Carbonara&#8220; text=&#8220;Mozzarella, Schinken, Speck, Ei &amp; Parmesan (ohne Tomatensauce)&#8220; price=&#8220;CHF 24.00&#8243; margin_bottom_item=&#8220;55&#8243;][qode_pricing_list_item title_tag=&#8220;h6&#8243; title=&#8220;Pizza Paradiso&#8220; text=&#8220;Tomaten, Mozzarella, Mascarpone, Rucola &amp; Cherry-Tomaten&#8220; price=&#8220;CHF 23.50&#8243; margin_bottom_item=&#8220;55&#8243;][qode_pricing_list_item title_tag=&#8220;h6&#8243; title=&#8220;Pizza Genovese&#8220; text=&#8220;Tomaten, Mozzarella, Schinken, Mascarpone &amp; Pesto-Sauce&#8220; price=&#8220;CHF 25.00&#8243; margin_bottom_item=&#8220;55&#8243;][qode_pricing_list_item title_tag=&#8220;h6&#8243; title=&#8220;Pizza Drago&#8220; text=&#8220;Tomaten, B\u00fcffel-Mozzarella, Scharfe Salami, Rucola, Cherry-Tomaten &amp; Parmesan&#8220; price=&#8220;CHF 26.50&#8243; margin_bottom_item=&#8220;55&#8243;][qode_pricing_list_item title_tag=&#8220;h6&#8243; title=&#8220;Pizza Tricolore&#8220; text=&#8220;Tomaten, Mozzarella, Mascarpone, scharfe Salami &amp; Spinat&#8220; price=&#8220;CHF 25.50&#8243; margin_bottom_item=&#8220;55&#8243;][qode_pricing_list_item title_tag=&#8220;h6&#8243; title=&#8220;Pizza Gamberi &amp; Zucchetti&#8220; text=&#8220;Tomaten, Mozzarella, Crevetten, Zucchini &amp; Knoblauch&#8220; price=&#8220;CHF 27.00&#8243; margin_bottom_item=&#8220;55&#8243;][qode_pricing_list_item title_tag=&#8220;h6&#8243; title=&#8220;Pizza Turbo&#8220; text=&#8220;Tomaten, Mozzarella, Zwiebeln, Knoblauch, viel Peperoncino &amp; scharfe Salami&#8220; price=&#8220;CHF 23.00&#8243; margin_bottom_item=&#8220;55&#8243;][qode_pricing_list_item title_tag=&#8220;h6&#8243; title=&#8220;Pizza ZI ZI&#8220; text=&#8220;Tomaten, Mozzarella, Schinken, scharfe Salami, Sardellen &amp; Oliven&#8220; price=&#8220;CHF 25.00&#8243; margin_bottom_item=&#8220;55&#8243;][qode_pricing_list_item title_tag=&#8220;h6&#8243; title=&#8220;Pizza Marino&#8220; text=&#8220;Tomaten, Mozzarella, scharfe Salami &amp; Mascarpone&#8220; price=&#8220;CHF 23.50&#8243; margin_bottom_item=&#8220;55&#8243;][qode_pricing_list_item title_tag=&#8220;h6&#8243; title=&#8220;Pizza Pollo&#8220; text=&#8220;Tomaten, Mozzarella, Poulet Streifen, Zwiebeln, Knoblauch &amp; Peperoncino&#8220; price=&#8220;CHF 25.50&#8243; margin_bottom_item=&#8220;55&#8243;][\/qode_pricing_list][vc_empty_space height=&#8220;30px&#8220;][\/vc_column_inner][\/vc_row_inner][vc_column_text]<\/p>\n<h5 style=\"text-align: center;\">F\u00fcr Intoleranzen haben wir folgende M\u00f6glichkeiten:<\/h5>\n<h5 style=\"text-align: center;\"><span style=\"color: #339966;\">VOLLKORNTEIG<\/span><\/h5>\n<h5 style=\"text-align: center;\"><span style=\"color: #339966;\">GLUTENFREIEN TEIG<\/span><\/h5>\n<h5 style=\"text-align: center;\"><span style=\"color: #339966;\">LAKTOSE FREIE MOZZARELLA<\/span><\/h5>\n<p>[\/vc_column_text][\/vc_column][\/vc_row]<\/p>\n<\/div>","protected":false},"excerpt":{"rendered":"<p>[vc_row row_type=&#8220;row&#8220; use_row_as_full_screen_section=&#8220;no&#8220; type=&#8220;grid&#8220; anchor=&#8220;Menu&#8220; text_align=&#8220;center&#8220; background_animation=&#8220;none&#8220; padding_bottom=&#8220;0&#8243; css_animation=&#8220;&#8220; el_id=&#8220;menu&#8220;][vc_column][vc_empty_space height=&#8220;50&#8243;][\/vc_column][\/vc_row][vc_row row_type=&#8220;row&#8220; use_row_as_full_screen_section=&#8220;no&#8220; type=&#8220;grid&#8220; anchor=&#8220;Menu&#8220; text_align=&#8220;center&#8220; background_animation=&#8220;none&#8220; padding_bottom=&#8220;0&#8243; css_animation=&#8220;&#8220;][vc_column][vc_column_text] Vorspeisen [\/vc_column_text][vc_empty_space height=&#8220;50&#8243;][vc_row_inner row_type=&#8220;row&#8220; type=&#8220;full_width&#8220; use_row_as_full_screen_section_slide=&#8220;no&#8220; text_align=&#8220;left&#8220; css_animation=&#8220;&#8220;][vc_column_inner offset=&#8220;vc_col-md-6&#8243;][qode_pricing_list][qode_pricing_list_item title_tag=&#8220;h6&#8243; title=&#8220;Insalata Verde \/ Insalata Mista&#8220; text=&#8220;gr\u00fcner Salat \/ gemischter Salat&#8220; price=&#8220;CHF 9.50 \/ 12.50&#8243; margin_bottom_item=&#8220;55&#8243;][qode_pricing_list_item title_tag=&#8220;h6&#8243;&#8230;<\/p>\n","protected":false},"author":1,"featured_media":0,"parent":0,"menu_order":0,"comment_status":"closed","ping_status":"closed","template":"full_width.php","meta":{"footnotes":""},"class_list":["post-111","page","type-page","status-publish","hentry"],"_links":{"self":[{"href":"https:\/\/www.la-novita.ch\/lanovita\/wp-json\/wp\/v2\/pages\/111","targetHints":{"allow":["GET"]}}],"collection":[{"href":"https:\/\/www.la-novita.ch\/lanovita\/wp-json\/wp\/v2\/pages"}],"about":[{"href":"https:\/\/www.la-novita.ch\/lanovita\/wp-json\/wp\/v2\/types\/page"}],"author":[{"embeddable":true,"href":"https:\/\/www.la-novita.ch\/lanovita\/wp-json\/wp\/v2\/users\/1"}],"replies":[{"embeddable":true,"href":"https:\/\/www.la-novita.ch\/lanovita\/wp-json\/wp\/v2\/comments?post=111"}],"version-history":[{"count":56,"href":"https:\/\/www.la-novita.ch\/lanovita\/wp-json\/wp\/v2\/pages\/111\/revisions"}],"predecessor-version":[{"id":2057,"href":"https:\/\/www.la-novita.ch\/lanovita\/wp-json\/wp\/v2\/pages\/111\/revisions\/2057"}],"wp:attachment":[{"href":"https:\/\/www.la-novita.ch\/lanovita\/wp-json\/wp\/v2\/media?parent=111"}],"curies":[{"name":"wp","href":"https:\/\/api.w.org\/{rel}","templated":true}]}}