{"id":83,"date":"2016-03-25T13:07:04","date_gmt":"2016-03-25T13:07:04","guid":{"rendered":"http:\/\/stockholm12.select-themes.com\/?page_id=83"},"modified":"2023-02-13T08:34:42","modified_gmt":"2023-02-13T07:34:42","slug":"ristorante","status":"publish","type":"page","link":"https:\/\/www.la-novita.ch\/lanovita\/ristorante\/","title":{"rendered":"Ristorante"},"content":{"rendered":"<div class=\"wpb-content-wrapper\"><p>[vc_row row_type=&#8220;row&#8220; use_row_as_full_screen_section=&#8220;no&#8220; type=&#8220;grid&#8220; text_align=&#8220;center&#8220; padding_bottom=&#8220;100&#8243; css_animation=&#8220;&#8220; css=&#8220;.vc_custom_1606260245672{background-position: 0 0 !important;background-repeat: no-repeat !important;}&#8220;][vc_column width=&#8220;5\/6&#8243; offset=&#8220;vc_col-sm-offset-1&#8243;][vc_column_text]<\/p>\n<h2>Gelebte Italianit\u00e0<\/h2>\n<p>[\/vc_column_text][vc_empty_space height=&#8220;27px&#8220;][vc_column_text]Menschen zu bewirten, Essen und Geselligkeit sind f\u00fcr das Wirtenpaar, Giovanna Perrone und Marino Giuri, etwas ganz Pers\u00f6nliches. In angenehmer und entspannter Atmosph\u00e4re werden Sie herzlich und unkompliziert verw\u00f6hnt. Im La Novit\u00e0 wird alles frisch, authentisch und vorwiegend italienisch gekocht. Die Gastst\u00e4tte im Gesch\u00e4ftshaus Loki beim Bahnhof Sarnen ist einfach, famili\u00e4r und ein bisschen rustikal.[\/vc_column_text][vc_empty_space height=&#8220;90px&#8220;][vc_single_image image=&#8220;721&#8243; img_size=&#8220;large&#8220; alignment=&#8220;center&#8220; onclick=&#8220;link_image&#8220; qode_css_animation=&#8220;&#8220;][\/vc_column][\/vc_row][vc_row row_type=&#8220;row&#8220; use_row_as_full_screen_section=&#8220;no&#8220; type=&#8220;full_width&#8220; text_align=&#8220;left&#8220; css_animation=&#8220;&#8220; css=&#8220;.vc_custom_1492674671971{padding-right: 30px !important;padding-left: 30px !important;}&#8220;][vc_column width=&#8220;1\/4&#8243;][\/vc_column][vc_column width=&#8220;1\/4&#8243;]<div class='q_team '><div class='q_team_inner'><div class='q_team_text ' ><div class='q_team_text_inner'><div class='q_team_title_holder'><h6 class='q_team_position' style =\"font-size: 20px\">Giovanna Perrone<\/h6><h4 class='q_team_name' style =\"font-size: 15px\">Administration & Service<\/h4><\/div><div class='q_team_description'><p >Die junge Mutter und Gesch\u00e4ftsfrau, war in der Handelsbranche mehrere Jahre in F\u00fchrungspositionen t\u00e4tig.<\/p><\/div><\/div><\/div><\/div><\/div>[vc_separator type=&#8220;transparent&#8220; border_style=&#8220;&#8220; up=&#8220;0&#8243; down=&#8220;100&#8243;][\/vc_column][vc_column width=&#8220;1\/4&#8243;]<div class='q_team '><div class='q_team_inner'><div class='q_team_text ' ><div class='q_team_text_inner'><div class='q_team_title_holder'><h6 class='q_team_position' style =\"font-size: 20px\">Marino Giuri<\/h6><h4 class='q_team_name' style =\"font-size: 15px\">Gesch\u00e4ftsf\u00fchrer & K\u00fcchen Chef<\/h4><\/div><div class='q_team_description'><p >Der gelernte Koch und Pizzaiolo besuchte die bekannte italienische Hotelfachschule in Gallipoli.<\/p><\/div><\/div><\/div><\/div><\/div>[vc_separator type=&#8220;transparent&#8220; border_style=&#8220;&#8220; up=&#8220;0&#8243; down=&#8220;100&#8243;][\/vc_column][vc_column width=&#8220;1\/4&#8243;][\/vc_column][\/vc_row][vc_row row_type=&#8220;row&#8220; use_row_as_full_screen_section=&#8220;no&#8220; type=&#8220;full_width&#8220; text_align=&#8220;left&#8220; css_animation=&#8220;&#8220; css=&#8220;.vc_custom_1492674785942{padding-right: 30px !important;padding-left: 30px !important;}&#8220;][vc_column width=&#8220;1\/4&#8243;][\/vc_column][vc_column width=&#8220;1\/4&#8243;]<div class='q_team '><div class='q_team_inner'><div class='q_team_text ' ><div class='q_team_text_inner'><div class='q_team_title_holder'><h4 class='q_team_name' ><\/h4><\/div><\/div><\/div><\/div><\/div>[vc_separator type=&#8220;transparent&#8220; border_style=&#8220;&#8220; up=&#8220;0&#8243; down=&#8220;100&#8243;][\/vc_column][vc_column width=&#8220;1\/4&#8243;]<div class='q_team '><div class='q_team_inner'><div class='q_team_text ' ><div class='q_team_text_inner'><div class='q_team_title_holder'><h6 class='q_team_position' style =\"font-size: 20px\">Varathhavel<\/h6><h4 class='q_team_name' style =\"font-size: 15px\">Pizzaiolo<\/h4><\/div><div class='q_team_description'><p >Zaubert Ihnen aus hausgemachtem Pizzateig schmackhafte Pizzas.<\/p><\/div><\/div><\/div><\/div><\/div>[vc_separator type=&#8220;transparent&#8220; border_style=&#8220;&#8220; up=&#8220;0&#8243; down=&#8220;100&#8243;][\/vc_column][vc_column width=&#8220;1\/4&#8243;][\/vc_column][\/vc_row]<\/p>\n<\/div>","protected":false},"excerpt":{"rendered":"<p>[vc_row row_type=&#8220;row&#8220; use_row_as_full_screen_section=&#8220;no&#8220; type=&#8220;grid&#8220; text_align=&#8220;center&#8220; padding_bottom=&#8220;100&#8243; css_animation=&#8220;&#8220; css=&#8220;.vc_custom_1606260245672{background-position: 0 0 !important;background-repeat: no-repeat !important;}&#8220;][vc_column width=&#8220;5\/6&#8243; offset=&#8220;vc_col-sm-offset-1&#8243;][vc_column_text] Gelebte Italianit\u00e0 [\/vc_column_text][vc_empty_space height=&#8220;27px&#8220;][vc_column_text]Menschen zu bewirten, Essen und Geselligkeit sind f\u00fcr das Wirtenpaar, Giovanna Perrone und Marino Giuri, etwas ganz Pers\u00f6nliches. In angenehmer und entspannter Atmosph\u00e4re werden Sie herzlich und&#8230;<\/p>\n","protected":false},"author":1,"featured_media":0,"parent":0,"menu_order":0,"comment_status":"closed","ping_status":"closed","template":"full_width.php","meta":{"footnotes":""},"class_list":["post-83","page","type-page","status-publish","hentry"],"_links":{"self":[{"href":"https:\/\/www.la-novita.ch\/lanovita\/wp-json\/wp\/v2\/pages\/83","targetHints":{"allow":["GET"]}}],"collection":[{"href":"https:\/\/www.la-novita.ch\/lanovita\/wp-json\/wp\/v2\/pages"}],"about":[{"href":"https:\/\/www.la-novita.ch\/lanovita\/wp-json\/wp\/v2\/types\/page"}],"author":[{"embeddable":true,"href":"https:\/\/www.la-novita.ch\/lanovita\/wp-json\/wp\/v2\/users\/1"}],"replies":[{"embeddable":true,"href":"https:\/\/www.la-novita.ch\/lanovita\/wp-json\/wp\/v2\/comments?post=83"}],"version-history":[{"count":0,"href":"https:\/\/www.la-novita.ch\/lanovita\/wp-json\/wp\/v2\/pages\/83\/revisions"}],"wp:attachment":[{"href":"https:\/\/www.la-novita.ch\/lanovita\/wp-json\/wp\/v2\/media?parent=83"}],"curies":[{"name":"wp","href":"https:\/\/api.w.org\/{rel}","templated":true}]}}